{"id":2,"date":"2022-10-05T12:04:42","date_gmt":"2022-10-05T10:04:42","guid":{"rendered":"http:\/\/tataradojo.com\/?page_id=2"},"modified":"2022-10-19T09:54:49","modified_gmt":"2022-10-19T07:54:49","slug":"aikido-ed-arti-marziali-a-pinerol","status":"publish","type":"page","link":"https:\/\/tataradojo.com\/","title":{"rendered":""},"content":{"rendered":"\n<blockquote class=\"wp-block-quote is-layout-flow wp-block-quote-is-layout-flow\" style=\"font-size:25px;font-style:normal;font-weight:600\"><p>&#8220;Considera le cose di grande importanza non troppo seriamente.&#8221;<\/p><cite>(Yamamoto Tsunemoto, Hagakure)<\/cite><\/blockquote>\n\n\n\n<p style=\"font-size:15px\">Come una incantevole pianta, ogni lavoro ben fatto ha bisogno di tempo e di cura per dare i suoi frutti. Il sito \u00e8 attualmente in costruzione, ma quando sar\u00e0 pronto sar\u00e0 bellissimo.<\/p>\n\n\n\n<hr class=\"wp-block-separator has-text-color has-palette-color-3-color has-alpha-channel-opacity has-palette-color-3-background-color has-background is-style-default\"\/>\n\n\n\n<div class=\"wp-block-columns has-palette-color-4-background-color has-background is-layout-flex wp-container-core-columns-is-layout-28f84493 wp-block-columns-is-layout-flex\">\n<div class=\"wp-block-column is-layout-flow wp-block-column-is-layout-flow\">\n<h4 class=\"has-palette-color-8-color has-text-color wp-block-heading\">CONTATTI<\/h4>\n\n\n\n<p class=\"has-palette-color-8-color has-text-color\"><strong>TATARA DOJO<\/strong><br>Aikido ed Arti Marziali a Pinerolo<br>Presso ASD Accademia ArteSport<br>Via Luigi Luciano 9,<br>10064, Pinerolo (TO)<br>Tel. 3761160207<br><a href=\"mailto:info@tataradojo.com\" target=\"_blank\" rel=\"noreferrer noopener\">info@tataradojo.com<\/a><\/p>\n<\/div>\n\n\n\n<div class=\"wp-block-column is-layout-flow wp-block-column-is-layout-flow\">\n<iframe src=\"https:\/\/www.google.com\/maps\/embed?pb=!1m18!1m12!1m3!1d2826.709829215813!2d7.326991315291605!3d44.88855377968943!2m3!1f0!2f0!3f0!3m2!1i1024!2i768!4f13.1!3m3!1m2!1s0x4788251a812f19d5%3A0x1ad3a42a2484547!2sAsd%20Libertas%20Accademia%20Artesport!5e0!3m2!1sit!2sit!4v1666162690950!5m2!1sit!2sit\" style=\"border:0;\" allowfullscreen=\"\" loading=\"lazy\" referrerpolicy=\"no-referrer-when-downgrade\" width=\"600\" height=\"250\"><\/iframe>\n<\/div>\n<\/div>\n","protected":false},"excerpt":{"rendered":"<p>&#8220;Considera le cose di grande importanza non troppo seriamente.&#8221; (Yamamoto Tsunemoto, Hagakure) Come una incantevole pianta, ogni lavoro ben fatto ha bisogno di tempo e di cura per dare i suoi frutti. Il sito \u00e8 attualmente in costruzione, ma quando sar\u00e0 pronto sar\u00e0 bellissimo. CONTATTI TATARA DOJOAikido ed Arti Marziali a PineroloPresso ASD Accademia ArteSportVia Luigi Luciano 9,10064, Pinerolo (TO)Tel. 3761160207info@tataradojo.com<\/p>\n","protected":false},"author":1,"featured_media":11,"parent":0,"menu_order":0,"comment_status":"closed","ping_status":"open","template":"","meta":{"footnotes":""},"class_list":["post-2","page","type-page","status-publish","has-post-thumbnail","hentry"],"blocksy_meta":{"styles_descriptor":{"styles":{"desktop":"","tablet":"","mobile":""},"google_fonts":[],"version":5}},"yoast_head":"<!-- This site is optimized with the Yoast SEO plugin v20.7 - https:\/\/yoast.com\/wordpress\/plugins\/seo\/ -->\n<title>- Tatara Dojo - Aikido e armi tradizionali giapponesi a Pinerolo<\/title>\n<meta name=\"description\" content=\"&quot;Il Maestro \u00e8 l&#039;ago e l&#039;allievo \u00e8 il filo. Tu devi praticare senza tregua.&quot; (Miyamoto Musashi) Aikido e arti marziali giapponesi a Pinerolo\" \/>\n<meta name=\"robots\" content=\"index, follow, max-snippet:-1, max-image-preview:large, max-video-preview:-1\" \/>\n<link rel=\"canonical\" href=\"https:\/\/tataradojo.com\/\" \/>\n<meta property=\"og:locale\" content=\"it_IT\" \/>\n<meta property=\"og:type\" content=\"article\" \/>\n<meta property=\"og:title\" content=\"TATARA Dojo - Aikido e arti marziali a Pinerolo\" \/>\n<meta property=\"og:description\" content=\"Il tatara \u00e8 la tradizionale fornace giapponese per la fusione dei metalli; in esso, ferro e acciaio vengono lavorati per raffinare il tamahagane, il metallo con cui vengono forgiate le splendide spade giapponesi.Il tatara \u00e8 la culla della spada, anima del guerriero.\" \/>\n<meta property=\"og:url\" content=\"https:\/\/tataradojo.com\/\" \/>\n<meta property=\"og:site_name\" content=\"Tatara Dojo - Aikido e armi tradizionali giapponesi a Pinerolo\" \/>\n<meta property=\"article:publisher\" content=\"https:\/\/www.facebook.com\/tatara.dojo\/\" \/>\n<meta property=\"article:modified_time\" content=\"2022-10-19T07:54:49+00:00\" \/>\n<meta property=\"og:image\" content=\"https:\/\/tataradojo.com\/wp-content\/uploads\/2022\/10\/Tavola-disegno-1-100.jpg\" \/>\n\t<meta property=\"og:image:width\" content=\"1200\" \/>\n\t<meta property=\"og:image:height\" content=\"630\" \/>\n\t<meta property=\"og:image:type\" content=\"image\/jpeg\" \/>\n<meta name=\"twitter:card\" content=\"summary_large_image\" \/>\n<meta name=\"twitter:label1\" content=\"Tempo di lettura stimato\" \/>\n\t<meta name=\"twitter:data1\" content=\"1 minuto\" \/>\n<script type=\"application\/ld+json\" class=\"yoast-schema-graph\">{\"@context\":\"https:\/\/schema.org\",\"@graph\":[{\"@type\":\"WebPage\",\"@id\":\"https:\/\/tataradojo.com\/\",\"url\":\"https:\/\/tataradojo.com\/\",\"name\":\"- Tatara Dojo - Aikido e armi tradizionali giapponesi a Pinerolo\",\"isPartOf\":{\"@id\":\"https:\/\/tataradojo.com\/#website\"},\"datePublished\":\"2022-10-05T10:04:42+00:00\",\"dateModified\":\"2022-10-19T07:54:49+00:00\",\"description\":\"&quot;Il Maestro \u00e8 l&#039;ago e l&#039;allievo \u00e8 il filo. Tu devi praticare senza tregua.&quot; (Miyamoto Musashi) Aikido e arti marziali giapponesi a Pinerolo\",\"inLanguage\":\"it-IT\",\"potentialAction\":[{\"@type\":\"ReadAction\",\"target\":[\"https:\/\/tataradojo.com\/\"]}]},{\"@type\":\"WebSite\",\"@id\":\"https:\/\/tataradojo.com\/#website\",\"url\":\"https:\/\/tataradojo.com\/\",\"name\":\"Tatara Dojo - Aikido e armi tradizionali giapponesi a Pinerolo\",\"description\":\"&quot;Il Maestro \u00e8 l&#039;ago e l&#039;allievo \u00e8 il filo. Tu devi praticare senza tregua.&quot; (Miyamoto Musashi)\",\"publisher\":{\"@id\":\"https:\/\/tataradojo.com\/#organization\"},\"potentialAction\":[{\"@type\":\"SearchAction\",\"target\":{\"@type\":\"EntryPoint\",\"urlTemplate\":\"https:\/\/tataradojo.com\/?s={search_term_string}\"},\"query-input\":\"required name=search_term_string\"}],\"inLanguage\":\"it-IT\"},{\"@type\":\"Organization\",\"@id\":\"https:\/\/tataradojo.com\/#organization\",\"name\":\"Tatara Dojo - Aikido e armi tradizionali giapponesi a Pinerolo\",\"url\":\"https:\/\/tataradojo.com\/\",\"logo\":{\"@type\":\"ImageObject\",\"inLanguage\":\"it-IT\",\"@id\":\"https:\/\/tataradojo.com\/#\/schema\/logo\/image\/\",\"url\":\"https:\/\/tataradojo.com\/wp-content\/uploads\/2022\/10\/Tavola-disegno-3.png\",\"contentUrl\":\"https:\/\/tataradojo.com\/wp-content\/uploads\/2022\/10\/Tavola-disegno-3.png\",\"width\":501,\"height\":501,\"caption\":\"Tatara Dojo - Aikido e armi tradizionali giapponesi a Pinerolo\"},\"image\":{\"@id\":\"https:\/\/tataradojo.com\/#\/schema\/logo\/image\/\"},\"sameAs\":[\"https:\/\/www.facebook.com\/tatara.dojo\/\",\"https:\/\/www.instagram.com\/tataradojo\/\"]}]}<\/script>\n<!-- \/ Yoast SEO plugin. -->","yoast_head_json":{"title":"- Tatara Dojo - Aikido e armi tradizionali giapponesi a Pinerolo","description":"&quot;Il Maestro \u00e8 l&#039;ago e l&#039;allievo \u00e8 il filo. Tu devi praticare senza tregua.&quot; (Miyamoto Musashi) Aikido e arti marziali giapponesi a Pinerolo","robots":{"index":"index","follow":"follow","max-snippet":"max-snippet:-1","max-image-preview":"max-image-preview:large","max-video-preview":"max-video-preview:-1"},"canonical":"https:\/\/tataradojo.com\/","og_locale":"it_IT","og_type":"article","og_title":"TATARA Dojo - Aikido e arti marziali a Pinerolo","og_description":"Il tatara \u00e8 la tradizionale fornace giapponese per la fusione dei metalli; in esso, ferro e acciaio vengono lavorati per raffinare il tamahagane, il metallo con cui vengono forgiate le splendide spade giapponesi.Il tatara \u00e8 la culla della spada, anima del guerriero.","og_url":"https:\/\/tataradojo.com\/","og_site_name":"Tatara Dojo - Aikido e armi tradizionali giapponesi a Pinerolo","article_publisher":"https:\/\/www.facebook.com\/tatara.dojo\/","article_modified_time":"2022-10-19T07:54:49+00:00","og_image":[{"width":1200,"height":630,"url":"https:\/\/tataradojo.com\/wp-content\/uploads\/2022\/10\/Tavola-disegno-1-100.jpg","type":"image\/jpeg"}],"twitter_card":"summary_large_image","twitter_misc":{"Tempo di lettura stimato":"1 minuto"},"schema":{"@context":"https:\/\/schema.org","@graph":[{"@type":"WebPage","@id":"https:\/\/tataradojo.com\/","url":"https:\/\/tataradojo.com\/","name":"- Tatara Dojo - Aikido e armi tradizionali giapponesi a Pinerolo","isPartOf":{"@id":"https:\/\/tataradojo.com\/#website"},"datePublished":"2022-10-05T10:04:42+00:00","dateModified":"2022-10-19T07:54:49+00:00","description":"&quot;Il Maestro \u00e8 l&#039;ago e l&#039;allievo \u00e8 il filo. Tu devi praticare senza tregua.&quot; (Miyamoto Musashi) Aikido e arti marziali giapponesi a Pinerolo","inLanguage":"it-IT","potentialAction":[{"@type":"ReadAction","target":["https:\/\/tataradojo.com\/"]}]},{"@type":"WebSite","@id":"https:\/\/tataradojo.com\/#website","url":"https:\/\/tataradojo.com\/","name":"Tatara Dojo - Aikido e armi tradizionali giapponesi a Pinerolo","description":"&quot;Il Maestro \u00e8 l&#039;ago e l&#039;allievo \u00e8 il filo. Tu devi praticare senza tregua.&quot; (Miyamoto Musashi)","publisher":{"@id":"https:\/\/tataradojo.com\/#organization"},"potentialAction":[{"@type":"SearchAction","target":{"@type":"EntryPoint","urlTemplate":"https:\/\/tataradojo.com\/?s={search_term_string}"},"query-input":"required name=search_term_string"}],"inLanguage":"it-IT"},{"@type":"Organization","@id":"https:\/\/tataradojo.com\/#organization","name":"Tatara Dojo - Aikido e armi tradizionali giapponesi a Pinerolo","url":"https:\/\/tataradojo.com\/","logo":{"@type":"ImageObject","inLanguage":"it-IT","@id":"https:\/\/tataradojo.com\/#\/schema\/logo\/image\/","url":"https:\/\/tataradojo.com\/wp-content\/uploads\/2022\/10\/Tavola-disegno-3.png","contentUrl":"https:\/\/tataradojo.com\/wp-content\/uploads\/2022\/10\/Tavola-disegno-3.png","width":501,"height":501,"caption":"Tatara Dojo - Aikido e armi tradizionali giapponesi a Pinerolo"},"image":{"@id":"https:\/\/tataradojo.com\/#\/schema\/logo\/image\/"},"sameAs":["https:\/\/www.facebook.com\/tatara.dojo\/","https:\/\/www.instagram.com\/tataradojo\/"]}]}},"_links":{"self":[{"href":"https:\/\/tataradojo.com\/index.php\/wp-json\/wp\/v2\/pages\/2","targetHints":{"allow":["GET"]}}],"collection":[{"href":"https:\/\/tataradojo.com\/index.php\/wp-json\/wp\/v2\/pages"}],"about":[{"href":"https:\/\/tataradojo.com\/index.php\/wp-json\/wp\/v2\/types\/page"}],"author":[{"embeddable":true,"href":"https:\/\/tataradojo.com\/index.php\/wp-json\/wp\/v2\/users\/1"}],"replies":[{"embeddable":true,"href":"https:\/\/tataradojo.com\/index.php\/wp-json\/wp\/v2\/comments?post=2"}],"version-history":[{"count":10,"href":"https:\/\/tataradojo.com\/index.php\/wp-json\/wp\/v2\/pages\/2\/revisions"}],"predecessor-version":[{"id":51,"href":"https:\/\/tataradojo.com\/index.php\/wp-json\/wp\/v2\/pages\/2\/revisions\/51"}],"wp:featuredmedia":[{"embeddable":true,"href":"https:\/\/tataradojo.com\/index.php\/wp-json\/wp\/v2\/media\/11"}],"wp:attachment":[{"href":"https:\/\/tataradojo.com\/index.php\/wp-json\/wp\/v2\/media?parent=2"}],"curies":[{"name":"wp","href":"https:\/\/api.w.org\/{rel}","templated":true}]}}